{"id":299,"date":"2024-04-24T18:56:31","date_gmt":"2024-04-24T16:56:31","guid":{"rendered":"https:\/\/axel-fischer-lange.de\/?page_id=299"},"modified":"2025-04-05T20:29:29","modified_gmt":"2025-04-05T18:29:29","slug":"foto-und-videografie","status":"publish","type":"page","link":"https:\/\/axel-fischer-lange.de\/?page_id=299","title":{"rendered":"Foto- und Videografie"},"content":{"rendered":"<p><div class=\"fusion-fullwidth fullwidth-box fusion-builder-row-1 fusion-flex-container has-pattern-background has-mask-background hundred-percent-fullwidth non-hundred-percent-height-scrolling\" style=\"--awb-border-radius-top-left:0px;--awb-border-radius-top-right:0px;--awb-border-radius-bottom-right:0px;--awb-border-radius-bottom-left:0px;--awb-padding-right:100px;--awb-padding-left:100px;--awb-flex-wrap:wrap;\" ><div class=\"fusion-builder-row fusion-row fusion-flex-align-items-flex-start fusion-flex-content-wrap\" style=\"width:104% !important;max-width:104% !important;margin-left: calc(-4% \/ 2 );margin-right: calc(-4% \/ 2 );\"><div class=\"fusion-layout-column fusion_builder_column fusion-builder-column-0 fusion_builder_column_1_1 1_1 fusion-flex-column\" style=\"--awb-bg-size:cover;--awb-width-large:100%;--awb-margin-top-large:0px;--awb-spacing-right-large:1.92%;--awb-margin-bottom-large:20px;--awb-spacing-left-large:1.92%;--awb-width-medium:100%;--awb-order-medium:0;--awb-spacing-right-medium:1.92%;--awb-spacing-left-medium:1.92%;--awb-width-small:100%;--awb-order-small:0;--awb-spacing-right-small:1.92%;--awb-spacing-left-small:1.92%;\"><div class=\"fusion-column-wrapper fusion-column-has-shadow fusion-flex-justify-content-flex-start fusion-content-layout-column\"><div class=\"fusion-text fusion-text-1\"><h1 id=\"video\">Foto- und Videografie<\/h1>\n<\/div><div class=\"fusion-text fusion-text-2\"><p>Von oben sieht man mehr. Die Welt wird \u00fcbersichtlich, Relationen werden klarer und Dimensionen begreifbar. Wichtige Details sind oft erst aus der Vogelperspektive sichtbar. Luftbilder haben als Informationstr\u00e4ger einen eigenen Charakter und eine Wertigkeit, die f\u00fcr sich spricht.<\/p>\n<p>Ob f\u00fcr Werbung, Marketing, \u00d6ffentlichkeitsarbeit oder Presse: A.F.L. Drone Service liefert bestechende Bilder f\u00fcr jeden Zweck und jedes Medium. Wir zeigen die Dinge aus neuen Perspektiven. Beeindruckend und repr\u00e4sentativ.<\/p>\n<p>Wir fangen ein, was wichtig ist.<\/p>\n<\/div><\/div><\/div><\/div><\/div><div class=\"fusion-fullwidth fullwidth-box fusion-builder-row-2 fusion-flex-container has-pattern-background has-mask-background hundred-percent-fullwidth non-hundred-percent-height-scrolling\" style=\"--awb-border-radius-top-left:0px;--awb-border-radius-top-right:0px;--awb-border-radius-bottom-right:0px;--awb-border-radius-bottom-left:0px;--awb-padding-top:30px;--awb-padding-right:100px;--awb-padding-left:100px;--awb-background-color:var(--awb-color2);--awb-flex-wrap:wrap;\" ><div class=\"fusion-builder-row fusion-row fusion-flex-align-items-flex-start fusion-flex-content-wrap\" style=\"width:104% !important;max-width:104% !important;margin-left: calc(-4% \/ 2 );margin-right: calc(-4% \/ 2 );\"><div class=\"fusion-layout-column fusion_builder_column fusion-builder-column-1 fusion_builder_column_1_1 1_1 fusion-flex-column\" style=\"--awb-bg-size:cover;--awb-width-large:100%;--awb-margin-top-large:0px;--awb-spacing-right-large:1.92%;--awb-margin-bottom-large:20px;--awb-spacing-left-large:1.92%;--awb-width-medium:100%;--awb-order-medium:0;--awb-spacing-right-medium:1.92%;--awb-spacing-left-medium:1.92%;--awb-width-small:100%;--awb-order-small:0;--awb-spacing-right-small:1.92%;--awb-spacing-left-small:1.92%;\"><div class=\"fusion-column-wrapper fusion-column-has-shadow fusion-flex-justify-content-flex-start fusion-content-layout-column\"><div class=\"fusion-text fusion-text-3\" style=\"--awb-margin-top:15px;\"><h2>Fotografie f\u00fcr Werbung und Medien<\/h2>\n<\/div><div class=\"fusion-text fusion-text-4\"><p>Ob Printmedien oder Internet: A.F.L. Drone Service macht die Bilder daf\u00fcr.<br \/>\nBeeindruckend und repr\u00e4sentativ f\u00fcr die Au\u00dfendarstellung. Informativ und \u00fcberzeugend f\u00fcr die Leserschaft.<\/p>\n<\/div><\/div><\/div><\/div><\/div><div class=\"fusion-fullwidth fullwidth-box fusion-builder-row-3 fusion-flex-container has-pattern-background has-mask-background hundred-percent-fullwidth non-hundred-percent-height-scrolling\" style=\"--awb-border-radius-top-left:0px;--awb-border-radius-top-right:0px;--awb-border-radius-bottom-right:0px;--awb-border-radius-bottom-left:0px;--awb-padding-right:100px;--awb-padding-left:100px;--awb-background-color:var(--awb-color2);--awb-flex-wrap:wrap;\" ><div class=\"fusion-builder-row fusion-row fusion-flex-align-items-flex-start fusion-flex-content-wrap\" style=\"width:104% !important;max-width:104% !important;margin-left: calc(-4% \/ 2 );margin-right: calc(-4% \/ 2 );\"><div class=\"fusion-layout-column fusion_builder_column fusion-builder-column-2 fusion_builder_column_1_1 1_1 fusion-flex-column\" style=\"--awb-bg-size:cover;--awb-width-large:100%;--awb-margin-top-large:0px;--awb-spacing-right-large:1.92%;--awb-margin-bottom-large:20px;--awb-spacing-left-large:1.92%;--awb-width-medium:100%;--awb-order-medium:0;--awb-spacing-right-medium:1.92%;--awb-spacing-left-medium:1.92%;--awb-width-small:100%;--awb-order-small:0;--awb-spacing-right-small:1.92%;--awb-spacing-left-small:1.92%;\"><div class=\"fusion-column-wrapper fusion-column-has-shadow fusion-flex-justify-content-flex-start fusion-content-layout-column\"><div class=\"fusion-image-carousel fusion-image-carousel-auto fusion-image-carousel-1 lightbox-enabled\"><div class=\"awb-carousel awb-swiper awb-swiper-carousel awb-carousel--carousel awb-swiper-dots-position-bottom\" data-layout=\"carousel\" data-autoplay=\"yes\" data-autoplayspeed=\"2500\" data-autoplaypause=\"no\" data-columns=\"2\" data-columnsmedium=\"1\" data-columnssmall=\"1\" data-itemmargin=\"5\" data-itemwidth=\"180\" data-touchscroll=\"drag\" data-freemode=\"no\" data-imagesize=\"auto\" data-scrollitems=\"1\" data-centeredslides=\"no\" data-rotationangle=\"50\" data-depth=\"100\" data-speed=\"500\" data-shadow=\"no\" data-pagination=\"bullets\" style=\"--awb-columns:2;--awb-column-spacing:5px;\"><div class=\"swiper-wrapper awb-image-carousel-wrapper fusion-flex-align-items-stretch\"><div class=\"swiper-slide\"><div class=\"fusion-carousel-item-wrapper\"><div class=\"fusion-image-wrapper hover-type-none\"><img decoding=\"async\" width=\"2500\" height=\"1574\" src=\"https:\/\/axel-fischer-lange.de\/wp-content\/uploads\/2024\/05\/web_bild_06.jpg\" class=\"attachment-full size-full\" alt=\"Drohne, Drohnenfoto, Luftbildfoto, Videografie, Fotografie, Fotoflug, Fotodrohne, 3D Vermessung, Dachvermessung Drohne\" srcset=\"https:\/\/axel-fischer-lange.de\/wp-content\/uploads\/2024\/05\/web_bild_06-200x126.jpg 200w, https:\/\/axel-fischer-lange.de\/wp-content\/uploads\/2024\/05\/web_bild_06-400x252.jpg 400w, https:\/\/axel-fischer-lange.de\/wp-content\/uploads\/2024\/05\/web_bild_06-600x378.jpg 600w, https:\/\/axel-fischer-lange.de\/wp-content\/uploads\/2024\/05\/web_bild_06-800x504.jpg 800w, https:\/\/axel-fischer-lange.de\/wp-content\/uploads\/2024\/05\/web_bild_06-1200x756.jpg 1200w, https:\/\/axel-fischer-lange.de\/wp-content\/uploads\/2024\/05\/web_bild_06.jpg 2500w\" sizes=\"(min-width: 2200px) 100vw, (min-width: 72px) 144px, (min-width: 0px) 72px, \" \/><\/div><\/div><\/div><div class=\"swiper-slide\"><div class=\"fusion-carousel-item-wrapper\"><div class=\"fusion-image-wrapper hover-type-none\"><img decoding=\"async\" width=\"2500\" height=\"1574\" src=\"https:\/\/axel-fischer-lange.de\/wp-content\/uploads\/2025\/04\/web_bild_07.jpg\" class=\"attachment-full size-full\" alt=\"Drohne, Drohnenfoto, Luftbildfoto, Videografie, Fotografie, Fotoflug, Fotodrohne, 3D Vermessung, Dachvermessung Drohne\" srcset=\"https:\/\/axel-fischer-lange.de\/wp-content\/uploads\/2025\/04\/web_bild_07-200x126.jpg 200w, https:\/\/axel-fischer-lange.de\/wp-content\/uploads\/2025\/04\/web_bild_07-400x252.jpg 400w, https:\/\/axel-fischer-lange.de\/wp-content\/uploads\/2025\/04\/web_bild_07-600x378.jpg 600w, https:\/\/axel-fischer-lange.de\/wp-content\/uploads\/2025\/04\/web_bild_07-800x504.jpg 800w, https:\/\/axel-fischer-lange.de\/wp-content\/uploads\/2025\/04\/web_bild_07-1200x756.jpg 1200w, https:\/\/axel-fischer-lange.de\/wp-content\/uploads\/2025\/04\/web_bild_07.jpg 2500w\" sizes=\"(min-width: 2200px) 100vw, (min-width: 72px) 144px, (min-width: 0px) 72px, \" \/><\/div><\/div><\/div><div class=\"swiper-slide\"><div class=\"fusion-carousel-item-wrapper\"><div class=\"fusion-image-wrapper hover-type-none\"><img decoding=\"async\" width=\"2500\" height=\"1574\" src=\"https:\/\/axel-fischer-lange.de\/wp-content\/uploads\/2024\/05\/web_bild_01.jpg\" class=\"attachment-full size-full\" alt=\"Drohne, Drohnenfoto, Luftbildfoto, Videografie, Fotografie, Fotoflug, Fotodrohne, Dachvermessung, Drohnenvermessung, Dachvermessung Drohne\" srcset=\"https:\/\/axel-fischer-lange.de\/wp-content\/uploads\/2024\/05\/web_bild_01-200x126.jpg 200w, https:\/\/axel-fischer-lange.de\/wp-content\/uploads\/2024\/05\/web_bild_01-400x252.jpg 400w, https:\/\/axel-fischer-lange.de\/wp-content\/uploads\/2024\/05\/web_bild_01-600x378.jpg 600w, https:\/\/axel-fischer-lange.de\/wp-content\/uploads\/2024\/05\/web_bild_01-800x504.jpg 800w, https:\/\/axel-fischer-lange.de\/wp-content\/uploads\/2024\/05\/web_bild_01-1200x756.jpg 1200w, https:\/\/axel-fischer-lange.de\/wp-content\/uploads\/2024\/05\/web_bild_01.jpg 2500w\" sizes=\"(min-width: 2200px) 100vw, (min-width: 72px) 144px, (min-width: 0px) 72px, \" \/><\/div><\/div><\/div><div class=\"swiper-slide\"><div class=\"fusion-carousel-item-wrapper\"><div class=\"fusion-image-wrapper hover-type-none\"><img decoding=\"async\" width=\"1589\" height=\"1001\" src=\"https:\/\/axel-fischer-lange.de\/wp-content\/uploads\/2024\/05\/web_bild_07.png\" class=\"attachment-full size-full\" alt=\"Drohne, Drohnenfoto, Luftbildfoto, Videografie, Fotografie, Fotoflug, Fotodrohne, 3D Vermessung, Dachvermessung Drohne\" srcset=\"https:\/\/axel-fischer-lange.de\/wp-content\/uploads\/2024\/05\/web_bild_07-200x126.png 200w, https:\/\/axel-fischer-lange.de\/wp-content\/uploads\/2024\/05\/web_bild_07-400x252.png 400w, https:\/\/axel-fischer-lange.de\/wp-content\/uploads\/2024\/05\/web_bild_07-600x378.png 600w, https:\/\/axel-fischer-lange.de\/wp-content\/uploads\/2024\/05\/web_bild_07-800x504.png 800w, https:\/\/axel-fischer-lange.de\/wp-content\/uploads\/2024\/05\/web_bild_07-1200x756.png 1200w, https:\/\/axel-fischer-lange.de\/wp-content\/uploads\/2024\/05\/web_bild_07.png 1589w\" sizes=\"(min-width: 2200px) 100vw, (min-width: 72px) 144px, (min-width: 0px) 72px, \" \/><\/div><\/div><\/div><div class=\"swiper-slide\"><div class=\"fusion-carousel-item-wrapper\"><div class=\"fusion-image-wrapper hover-type-none\"><img decoding=\"async\" width=\"2500\" height=\"1574\" src=\"https:\/\/axel-fischer-lange.de\/wp-content\/uploads\/2024\/05\/web_bild_03.jpg\" class=\"attachment-full size-full\" alt=\"Drohne, Drohnenfoto, Luftbildfoto, Videografie, Fotografie, Fotoflug, Fotodrohne, 3D Vermessung, Dachvermessung Drohne\" srcset=\"https:\/\/axel-fischer-lange.de\/wp-content\/uploads\/2024\/05\/web_bild_03-200x126.jpg 200w, https:\/\/axel-fischer-lange.de\/wp-content\/uploads\/2024\/05\/web_bild_03-400x252.jpg 400w, https:\/\/axel-fischer-lange.de\/wp-content\/uploads\/2024\/05\/web_bild_03-600x378.jpg 600w, https:\/\/axel-fischer-lange.de\/wp-content\/uploads\/2024\/05\/web_bild_03-800x504.jpg 800w, https:\/\/axel-fischer-lange.de\/wp-content\/uploads\/2024\/05\/web_bild_03-1200x756.jpg 1200w, https:\/\/axel-fischer-lange.de\/wp-content\/uploads\/2024\/05\/web_bild_03.jpg 2500w\" sizes=\"(min-width: 2200px) 100vw, (min-width: 72px) 144px, (min-width: 0px) 72px, \" \/><\/div><\/div><\/div><div class=\"swiper-slide\"><div class=\"fusion-carousel-item-wrapper\"><div class=\"fusion-image-wrapper hover-type-none\"><img decoding=\"async\" width=\"2500\" height=\"1574\" src=\"https:\/\/axel-fischer-lange.de\/wp-content\/uploads\/2024\/05\/web_bild_04.jpg\" class=\"attachment-full size-full\" alt=\"Drohne, Drohnenfoto, Luftbildfoto, Videografie, Fotografie, Fotoflug, Fotodrohne, 3D Vermessung, Dachvermessung Drohne\" srcset=\"https:\/\/axel-fischer-lange.de\/wp-content\/uploads\/2024\/05\/web_bild_04-200x126.jpg 200w, https:\/\/axel-fischer-lange.de\/wp-content\/uploads\/2024\/05\/web_bild_04-400x252.jpg 400w, https:\/\/axel-fischer-lange.de\/wp-content\/uploads\/2024\/05\/web_bild_04-600x378.jpg 600w, https:\/\/axel-fischer-lange.de\/wp-content\/uploads\/2024\/05\/web_bild_04-800x504.jpg 800w, https:\/\/axel-fischer-lange.de\/wp-content\/uploads\/2024\/05\/web_bild_04-1200x756.jpg 1200w, https:\/\/axel-fischer-lange.de\/wp-content\/uploads\/2024\/05\/web_bild_04.jpg 2500w\" sizes=\"(min-width: 2200px) 100vw, (min-width: 72px) 144px, (min-width: 0px) 72px, \" \/><\/div><\/div><\/div><div class=\"swiper-slide\"><div class=\"fusion-carousel-item-wrapper\"><div class=\"fusion-image-wrapper hover-type-none\"><img decoding=\"async\" width=\"2500\" height=\"1574\" src=\"https:\/\/axel-fischer-lange.de\/wp-content\/uploads\/2024\/05\/web_bild_05.jpg\" class=\"attachment-full size-full\" alt=\"Drohne, Drohnenfoto, Luftbildfoto, Videografie, Fotografie, Fotoflug, Fotodrohne, 3D Vermessung, Dachvermessung Drohne\" srcset=\"https:\/\/axel-fischer-lange.de\/wp-content\/uploads\/2024\/05\/web_bild_05-200x126.jpg 200w, https:\/\/axel-fischer-lange.de\/wp-content\/uploads\/2024\/05\/web_bild_05-400x252.jpg 400w, https:\/\/axel-fischer-lange.de\/wp-content\/uploads\/2024\/05\/web_bild_05-600x378.jpg 600w, https:\/\/axel-fischer-lange.de\/wp-content\/uploads\/2024\/05\/web_bild_05-800x504.jpg 800w, https:\/\/axel-fischer-lange.de\/wp-content\/uploads\/2024\/05\/web_bild_05-1200x756.jpg 1200w, https:\/\/axel-fischer-lange.de\/wp-content\/uploads\/2024\/05\/web_bild_05.jpg 2500w\" sizes=\"(min-width: 2200px) 100vw, (min-width: 72px) 144px, (min-width: 0px) 72px, \" \/><\/div><\/div><\/div><div class=\"swiper-slide\"><div class=\"fusion-carousel-item-wrapper\"><div class=\"fusion-image-wrapper hover-type-none\"><img decoding=\"async\" width=\"2500\" height=\"1574\" src=\"https:\/\/axel-fischer-lange.de\/wp-content\/uploads\/2024\/05\/web_bild_02.jpg\" class=\"attachment-full size-full\" alt=\"Drohne, Drohnenfoto, Luftbildfoto, Videografie, Fotografie, Fotoflug, Fotodrohne, 3D Vermessung, Dachvermessung Drohne\" srcset=\"https:\/\/axel-fischer-lange.de\/wp-content\/uploads\/2024\/05\/web_bild_02-200x126.jpg 200w, https:\/\/axel-fischer-lange.de\/wp-content\/uploads\/2024\/05\/web_bild_02-400x252.jpg 400w, https:\/\/axel-fischer-lange.de\/wp-content\/uploads\/2024\/05\/web_bild_02-600x378.jpg 600w, https:\/\/axel-fischer-lange.de\/wp-content\/uploads\/2024\/05\/web_bild_02-800x504.jpg 800w, https:\/\/axel-fischer-lange.de\/wp-content\/uploads\/2024\/05\/web_bild_02-1200x756.jpg 1200w, https:\/\/axel-fischer-lange.de\/wp-content\/uploads\/2024\/05\/web_bild_02.jpg 2500w\" sizes=\"(min-width: 2200px) 100vw, (min-width: 72px) 144px, (min-width: 0px) 72px, \" \/><\/div><\/div><\/div><\/div><div class=\"awb-swiper-button awb-swiper-button-prev\"><i class=\"awb-icon-angle-left\" aria-hidden=\"true\"><\/i><\/div><div class=\"awb-swiper-button awb-swiper-button-next\"><i class=\"awb-icon-angle-right\" aria-hidden=\"true\"><\/i><\/div><\/div><\/div><\/div><\/div><\/div><\/div><div class=\"fusion-fullwidth fullwidth-box fusion-builder-row-4 fusion-flex-container has-pattern-background has-mask-background hundred-percent-fullwidth non-hundred-percent-height-scrolling\" style=\"--awb-border-radius-top-left:0px;--awb-border-radius-top-right:0px;--awb-border-radius-bottom-right:0px;--awb-border-radius-bottom-left:0px;--awb-padding-top:50px;--awb-padding-right:100px;--awb-padding-left:100px;--awb-background-color:var(--awb-color1);--awb-flex-wrap:wrap;\" ><div class=\"fusion-builder-row fusion-row fusion-flex-align-items-flex-start fusion-flex-content-wrap\" style=\"width:calc( 100% + 10px ) !important;max-width:calc( 100% + 10px ) !important;margin-left: calc(-10px \/ 2 );margin-right: calc(-10px \/ 2 );\"><div class=\"fusion-layout-column fusion_builder_column fusion-builder-column-3 fusion_builder_column_1_1 1_1 fusion-flex-column\" style=\"--awb-bg-size:cover;--awb-width-large:100%;--awb-margin-top-large:0px;--awb-spacing-right-large:5px;--awb-margin-bottom-large:20px;--awb-spacing-left-large:5px;--awb-width-medium:100%;--awb-order-medium:0;--awb-spacing-right-medium:5px;--awb-spacing-left-medium:5px;--awb-width-small:100%;--awb-order-small:0;--awb-spacing-right-small:5px;--awb-spacing-left-small:5px;\"><div class=\"fusion-column-wrapper fusion-column-has-shadow fusion-flex-justify-content-flex-start fusion-content-layout-column\"><div class=\"fusion-text fusion-text-5\"><h2>Videoproduktion f\u00fcr Imagefilm und Marketing<\/h2>\n<\/div><div class=\"fusion-text fusion-text-6\"><p>Bewegte Bilder erz\u00e4hlen Geschichten auf ihre ganz eigene Art und Weise. Lebendig, authentisch, greifbar.<br \/>\nBilder aus der Vogelperspektive haben dabei nochmal eine ganz besondere Wirkung.<\/p>\n<p>Wir setzen Firmen und Events aus der Luft ins richtige Bild. Sprechen Sie uns an!<\/p>\n<\/div><\/div><\/div><\/div><\/div><div class=\"fusion-fullwidth fullwidth-box fusion-builder-row-5 fusion-flex-container has-pattern-background has-mask-background hundred-percent-fullwidth non-hundred-percent-height-scrolling\" style=\"--awb-border-radius-top-left:0px;--awb-border-radius-top-right:0px;--awb-border-radius-bottom-right:0px;--awb-border-radius-bottom-left:0px;--awb-padding-right:100px;--awb-padding-bottom:50px;--awb-padding-left:100px;--awb-background-color:var(--awb-color1);--awb-flex-wrap:wrap;\" ><div class=\"fusion-builder-row fusion-row fusion-flex-align-items-flex-start fusion-flex-content-wrap\" style=\"width:calc( 100% + 10px ) !important;max-width:calc( 100% + 10px ) !important;margin-left: calc(-10px \/ 2 );margin-right: calc(-10px \/ 2 );\"><div class=\"fusion-layout-column fusion_builder_column fusion-builder-column-4 fusion_builder_column_1_2 1_2 fusion-flex-column\" style=\"--awb-bg-size:cover;--awb-width-large:50%;--awb-margin-top-large:0px;--awb-spacing-right-large:5px;--awb-margin-bottom-large:20px;--awb-spacing-left-large:5px;--awb-width-medium:50%;--awb-order-medium:0;--awb-spacing-right-medium:5px;--awb-spacing-left-medium:5px;--awb-width-small:100%;--awb-order-small:0;--awb-spacing-right-small:5px;--awb-spacing-left-small:5px;\" data-scroll-devices=\"small-visibility,medium-visibility,large-visibility\"><div class=\"fusion-column-wrapper fusion-column-has-shadow fusion-flex-justify-content-flex-start fusion-content-layout-column\"><div class=\"fusion-video fusion-selfhosted-video\" style=\"max-width:100%;\"><div class=\"video-wrapper\"><video playsinline=\"true\" width=\"100%\" style=\"object-fit: cover;\" muted=\"true\" preload=\"auto\" controls=\"1\"><source src=\"https:\/\/axel-fischer-lange.de\/wp-content\/uploads\/2024\/05\/Schwarzwald_web_videoseite.mp4\" type=\"video\/mp4\">Sorry, your browser doesn&#039;t support embedded videos.<\/video><\/div><\/div><\/div><\/div><div class=\"fusion-layout-column fusion_builder_column fusion-builder-column-5 fusion_builder_column_1_2 1_2 fusion-flex-column\" style=\"--awb-bg-size:cover;--awb-width-large:50%;--awb-margin-top-large:0px;--awb-spacing-right-large:5px;--awb-margin-bottom-large:20px;--awb-spacing-left-large:5px;--awb-width-medium:50%;--awb-order-medium:0;--awb-spacing-right-medium:5px;--awb-spacing-left-medium:5px;--awb-width-small:100%;--awb-order-small:0;--awb-spacing-right-small:5px;--awb-spacing-left-small:5px;\" data-scroll-devices=\"small-visibility,medium-visibility,large-visibility\"><div class=\"fusion-column-wrapper fusion-column-has-shadow fusion-flex-justify-content-flex-start fusion-content-layout-column\"><div class=\"fusion-video fusion-selfhosted-video\" style=\"max-width:100%;\"><div class=\"video-wrapper\"><video playsinline=\"true\" width=\"100%\" style=\"object-fit: cover;\" poster=\"https:\/\/axel-fischer-lange.de\/wp-content\/uploads\/2024\/05\/Bildschirmfoto-2024-05-22-um-20.40.35.png\" preload=\"auto\" controls=\"1\"><source src=\"https:\/\/axel-fischer-lange.de\/wp-content\/uploads\/2024\/05\/Airpark_web_videoseite.mp4\" type=\"video\/mp4\">Sorry, your browser doesn&#039;t support embedded videos.<\/video><\/div><\/div><\/div><\/div><\/div><\/div><\/p>\n","protected":false},"excerpt":{"rendered":"","protected":false},"author":1,"featured_media":0,"parent":0,"menu_order":0,"comment_status":"closed","ping_status":"closed","template":"100-width.php","meta":{"footnotes":""},"class_list":["post-299","page","type-page","status-publish","hentry"],"_links":{"self":[{"href":"https:\/\/axel-fischer-lange.de\/index.php?rest_route=\/wp\/v2\/pages\/299","targetHints":{"allow":["GET"]}}],"collection":[{"href":"https:\/\/axel-fischer-lange.de\/index.php?rest_route=\/wp\/v2\/pages"}],"about":[{"href":"https:\/\/axel-fischer-lange.de\/index.php?rest_route=\/wp\/v2\/types\/page"}],"author":[{"embeddable":true,"href":"https:\/\/axel-fischer-lange.de\/index.php?rest_route=\/wp\/v2\/users\/1"}],"replies":[{"embeddable":true,"href":"https:\/\/axel-fischer-lange.de\/index.php?rest_route=%2Fwp%2Fv2%2Fcomments&post=299"}],"version-history":[{"count":141,"href":"https:\/\/axel-fischer-lange.de\/index.php?rest_route=\/wp\/v2\/pages\/299\/revisions"}],"predecessor-version":[{"id":599,"href":"https:\/\/axel-fischer-lange.de\/index.php?rest_route=\/wp\/v2\/pages\/299\/revisions\/599"}],"wp:attachment":[{"href":"https:\/\/axel-fischer-lange.de\/index.php?rest_route=%2Fwp%2Fv2%2Fmedia&parent=299"}],"curies":[{"name":"wp","href":"https:\/\/api.w.org\/{rel}","templated":true}]}}