{"id":3,"date":"2020-08-18T17:45:16","date_gmt":"2020-08-18T17:45:16","guid":{"rendered":"http:\/\/axel-fischer-lange.de\/?page_id=3"},"modified":"2024-06-01T13:15:11","modified_gmt":"2024-06-01T11:15:11","slug":"privacy-policy","status":"publish","type":"page","link":"https:\/\/axel-fischer-lange.de\/?page_id=3","title":{"rendered":"Datenschutz"},"content":{"rendered":"<div class=\"fusion-fullwidth fullwidth-box fusion-builder-row-1 fusion-flex-container nonhundred-percent-fullwidth non-hundred-percent-height-scrolling\" style=\"--awb-border-radius-top-left:0px;--awb-border-radius-top-right:0px;--awb-border-radius-bottom-right:0px;--awb-border-radius-bottom-left:0px;--awb-flex-wrap:wrap;\" ><div class=\"fusion-builder-row fusion-row fusion-flex-align-items-flex-start fusion-flex-content-wrap\" style=\"max-width:1040px;margin-left: calc(-4% \/ 2 );margin-right: calc(-4% \/ 2 );\"><div class=\"fusion-layout-column fusion_builder_column fusion-builder-column-0 fusion_builder_column_1_1 1_1 fusion-flex-column\" style=\"--awb-bg-blend:overlay;--awb-bg-size:cover;--awb-width-large:100%;--awb-margin-top-large:0px;--awb-spacing-right-large:1.92%;--awb-margin-bottom-large:0px;--awb-spacing-left-large:1.92%;--awb-width-medium:100%;--awb-spacing-right-medium:1.92%;--awb-spacing-left-medium:1.92%;--awb-width-small:100%;--awb-spacing-right-small:1.92%;--awb-spacing-left-small:1.92%;\"><div class=\"fusion-column-wrapper fusion-flex-justify-content-flex-start fusion-content-layout-column\"><div class=\"fusion-text fusion-text-1\"><h1>Datenschutzerkl\u00e4rung<\/h1>\n<\/div><div class=\"fusion-text fusion-text-2\"><h5 class=\"fusion-responsive-typography-calculated\" style=\"--fontsize: 18; line-height: 1;\" data-fontsize=\"18\" data-lineheight=\"18px\">Anbieter<\/h5>\n<p>Die URL dieser Seite lautet: https:\/\/axel-fischer-lange.de.<\/p>\n<p>Wir freuen uns \u00fcber Ihr Interesse an dieser Webseite. Der Schutz Ihrer Privatsph\u00e4re ist f\u00fcr uns sehr wichtig. Nachstehend informieren wir Sie ausf\u00fchrlich \u00fcber den Umgang mit Ihren Daten.<\/p>\n<h5 class=\"fusion-responsive-typography-calculated\" style=\"--fontsize: 18; line-height: 1;\" data-fontsize=\"18\" data-lineheight=\"18px\">Erhebung, Verarbeitung und Nutzung personenbezogener Daten<\/h5>\n<p>Sie k\u00f6nnen unsere Seite besuchen, ohne Angaben zu Ihrer Person zu machen. Wir speichern lediglich Zugriffsdaten ohne Personenbezug wie z.B. den Namen Ihres Internet Service Providers, die Seite, von der aus Sie uns besuchen oder den Namen der angeforderten Datei. Diese Daten werden ausschlie\u00dflich zur Verbesserung unseres Angebotes ausgewertet und erlauben keine R\u00fcckschl\u00fcsse auf Ihre Person.<\/p>\n<p>Personenbezogene Daten werden auf unseren Seiten nicht erhoben. Standardm\u00e4\u00dfig teilt WordPress keinerlei personenbezogene Daten mit Dritten.<\/p>\n<p>Wir verwenden von Ihnen freiwillig mitgeteilte Daten ohne Ihre gesonderte Einwilligung ausschlie\u00dflich zur Erf\u00fcllung derjenigen Zwecke, zu denen Sie uns die Daten mitteilen. Mit vollst\u00e4ndiger Erf\u00fcllung derjenigen Zwecke, zu denen Sie uns die Daten mitteilen, werden Ihre Daten f\u00fcr die weitere Verwendung gesperrt und nach Ablauf der steuer- und handelsrechtlichen Vorschriften gel\u00f6scht, sofern Sie nicht ausdr\u00fccklich in die weitere Nutzung Ihrer Daten eingewilligt haben.<\/p>\n<h5 class=\"fusion-responsive-typography-calculated\" style=\"--fontsize: 18; line-height: 1;\" data-fontsize=\"18\" data-lineheight=\"18px\">Verwendung von Cookies<\/h5>\n<p>Um den Besuch unserer Webseite attraktiv zu gestalten und die Nutzung bestimmter Funktionen zu erm\u00f6glichen, verwenden wir auf verschiedenen Seiten sogenannte Cookies. Hierbei handelt es sich um kleine Textdateien, die auf Ihrem Endger\u00e4t abgelegt werden. Einige der von uns verwendeten Cookies werden nach dem Ende der Browser-Sitzung, also nach Schlie\u00dfen Ihres Browsers, wieder gel\u00f6scht (sog. Sitzungs-Cookies). Andere Cookies verbleiben auf Ihrem Endger\u00e4t und erm\u00f6glichen es, Ihren Browser beim n\u00e4chsten Besuch wiederzuerkennen (sog. persistente Cookies).<\/p>\n<p>Sie k\u00f6nnen Ihren Browser so einstellen, dass Sie \u00fcber das Setzen von Cookies informiert werden und einzeln \u00fcber deren Annahmen entscheiden oder die Annahme von Cookies f\u00fcr bestimmte F\u00e4lle oder generell ausschlie\u00dfen. Bei der Nichtannahme von Cookies kann die Funktionalit\u00e4t einer besuchten Webseite eingeschr\u00e4nkt sein.<\/p>\n<h5 class=\"fusion-responsive-typography-calculated\" style=\"--fontsize: 18; line-height: 1;\" data-fontsize=\"18\" data-lineheight=\"18px\">Auskunftsrecht<\/h5>\n<p>Sie haben ein Recht auf unentgeltliche Auskunft \u00fcber Ihre gespeicherten Daten sowie ggf. ein Recht auf Berichtigung, Sperrung oder L\u00f6schung dieser Daten.<\/p>\n<h5 class=\"fusion-responsive-typography-calculated\" style=\"--fontsize: 18; line-height: 1;\" data-fontsize=\"18\" data-lineheight=\"18px\">Ansprechpartner f\u00fcr Datenschutz<\/h5>\n<p>Bei Fragen zur Erhebung, Verarbeitung oder Nutzung Ihrer personenbezogenen Daten, bei Ausk\u00fcnften, Berichtigung, Sperrung oder L\u00f6schung von Daten sowie Widerruf erteilter Einwilligungen wenden Sie sich bitte an:<\/p>\n<p>E-Mail: drohnen(\u00e4t)axel-fischer-lange.de<\/p>\n<h5 class=\"fusion-responsive-typography-calculated\" style=\"--fontsize: 18; line-height: 1;\" data-fontsize=\"18\" data-lineheight=\"18px\">Rechtsgrundlage f\u00fcr die Datenverarbeitung ist Artikel 6 Abs. 1 lit. a), b), c) und f) DSGVO.<\/h5>\n<p>Die Bereitstellung der Daten ist nicht gesetzlich oder vertraglich vorgeschrieben bzw. f\u00fcr einen Vertragsabschluss erforderlich. Sie sind daher nicht verpflichtet, uns personenbezogene Daten bereitzustellen.<\/p>\n<p>Die Verwendung von Cookies hilft uns dabei, unsere Webseite und deren Nutzerfreundlichkeit stetig zu verbessern. In diesen Zwecken liegt auch unser berechtigtes Interesse in der Verarbeitung der Daten nach Artikel 6 Abs.1 lit. f) DSGVO.<\/p>\n<p>Wir weisen Sie auf Ihr Auskunftsrecht, Ihr Recht auf Berichtigung, Ihr Recht auf L\u00f6schung, Ihr Recht auf Einschr\u00e4nkung der Verarbeitung sowie Ihr Recht auf Daten\u00fcbertragbarkeit (vgl. Artikel 15 bis Artikel 18 und Artikel 20 DSGVO) hin. Zur Geltendmachung dieser Rechte k\u00f6nnen Sie sich \u00fcber die auf unserer Webseite genannten Kontaktdaten an uns wenden.<\/p>\n<p>Hinweisen m\u00f6chten wir Sie auch auf die M\u00f6glichkeit einer Beschwerde gegen\u00fcber der unten genannten zust\u00e4ndigen Datenschutzbeh\u00f6rde.<\/p>\n<p>Sie k\u00f6nnen Ihre erteilte Einwilligung per E-Mail an den Ansprechpartner des Unternehmens widerrufen, ohne dass die Rechtsm\u00e4\u00dfigkeit der aufgrund der Einwilligung bis zum Widerruf erfolgten Verarbeitung ber\u00fchrt wird. Sofern keine handels- oder steuerrechtlichen Aufbewahrungslichten bestehen, werden Ihre personenbezogenen Daten gel\u00f6scht. Sie erhalten eine Best\u00e4tigung hier\u00fcber.<\/p>\n<p>Die Kontaktdaten der Aufsichtsbeh\u00f6rde f\u00fcr den Datenschutz lauten:<\/p>\n<p>Der Landesbeauftragte f\u00fcr den Datenschutz und die Informationsfreiheit\nK\u00f6nigstrasse 10 a\n70173 Stuttgart\nTelefon 0711 \/ 61 55 41 \u2013 0\nTelefax 0711 \/ 61 55 41 \u2013 15\nE-Mail poststelle@lfdi.bwl.de<\/p>\n<\/div><\/div><\/div><\/div><\/div><!-- \/wp:post-content -->","protected":false},"excerpt":{"rendered":"","protected":false},"author":1,"featured_media":0,"parent":0,"menu_order":0,"comment_status":"closed","ping_status":"open","template":"","meta":{"footnotes":""},"class_list":["post-3","page","type-page","status-publish","hentry"],"_links":{"self":[{"href":"https:\/\/axel-fischer-lange.de\/index.php?rest_route=\/wp\/v2\/pages\/3","targetHints":{"allow":["GET"]}}],"collection":[{"href":"https:\/\/axel-fischer-lange.de\/index.php?rest_route=\/wp\/v2\/pages"}],"about":[{"href":"https:\/\/axel-fischer-lange.de\/index.php?rest_route=\/wp\/v2\/types\/page"}],"author":[{"embeddable":true,"href":"https:\/\/axel-fischer-lange.de\/index.php?rest_route=\/wp\/v2\/users\/1"}],"replies":[{"embeddable":true,"href":"https:\/\/axel-fischer-lange.de\/index.php?rest_route=%2Fwp%2Fv2%2Fcomments&post=3"}],"version-history":[{"count":32,"href":"https:\/\/axel-fischer-lange.de\/index.php?rest_route=\/wp\/v2\/pages\/3\/revisions"}],"predecessor-version":[{"id":589,"href":"https:\/\/axel-fischer-lange.de\/index.php?rest_route=\/wp\/v2\/pages\/3\/revisions\/589"}],"wp:attachment":[{"href":"https:\/\/axel-fischer-lange.de\/index.php?rest_route=%2Fwp%2Fv2%2Fmedia&parent=3"}],"curies":[{"name":"wp","href":"https:\/\/api.w.org\/{rel}","templated":true}]}}