{"id":559,"date":"2024-05-22T20:09:59","date_gmt":"2024-05-22T18:09:59","guid":{"rendered":"https:\/\/axel-fischer-lange.de\/?page_id=559"},"modified":"2024-05-22T20:26:28","modified_gmt":"2024-05-22T18:26:28","slug":"technische-fluege","status":"publish","type":"page","link":"https:\/\/axel-fischer-lange.de\/?page_id=559","title":{"rendered":"Technische Fl\u00fcge"},"content":{"rendered":"<p><div class=\"fusion-fullwidth fullwidth-box fusion-builder-row-1 fusion-flex-container has-pattern-background has-mask-background hundred-percent-fullwidth non-hundred-percent-height-scrolling\" style=\"--awb-border-radius-top-left:0px;--awb-border-radius-top-right:0px;--awb-border-radius-bottom-right:0px;--awb-border-radius-bottom-left:0px;--awb-padding-right:100px;--awb-padding-left:100px;--awb-flex-wrap:wrap;\" ><div class=\"fusion-builder-row fusion-row fusion-flex-align-items-flex-start fusion-flex-content-wrap\" style=\"width:104% !important;max-width:104% !important;margin-left: calc(-4% \/ 2 );margin-right: calc(-4% \/ 2 );\"><div class=\"fusion-layout-column fusion_builder_column fusion-builder-column-0 fusion_builder_column_1_1 1_1 fusion-flex-column\" style=\"--awb-bg-size:cover;--awb-width-large:100%;--awb-margin-top-large:0px;--awb-spacing-right-large:1.92%;--awb-margin-bottom-large:20px;--awb-spacing-left-large:1.92%;--awb-width-medium:100%;--awb-order-medium:0;--awb-spacing-right-medium:1.92%;--awb-spacing-left-medium:1.92%;--awb-width-small:100%;--awb-order-small:0;--awb-spacing-right-small:1.92%;--awb-spacing-left-small:1.92%;\"><div class=\"fusion-column-wrapper fusion-column-has-shadow fusion-flex-justify-content-flex-start fusion-content-layout-column\"><div class=\"fusion-text fusion-text-1\"><h1 id=\"video\">Technische Fl\u00fcge<\/h1>\n<\/div><div class=\"fusion-text fusion-text-2\"><p>Der Blick von oben schafft Klarheit. <\/p>\n<p>Im Rahmen von technischen Fl\u00fcgen liefern wir pr\u00e4zise und auf den Punkt das, worauf es ankommt. Beispielsweise bei der Dachvermessung aus der Luft oder Fl\u00fcgen zur Sondierung und Dokumentation.<\/p>\n<p>Wir fangen ein, was wichtig ist. Sprechen Sie uns an!<\/p>\n<\/div><\/div><\/div><\/div><\/div><div class=\"fusion-fullwidth fullwidth-box fusion-builder-row-2 fusion-flex-container has-pattern-background has-mask-background hundred-percent-fullwidth non-hundred-percent-height-scrolling\" style=\"--awb-border-radius-top-left:0px;--awb-border-radius-top-right:0px;--awb-border-radius-bottom-right:0px;--awb-border-radius-bottom-left:0px;--awb-padding-top:50px;--awb-padding-right:100px;--awb-padding-left:100px;--awb-background-color:var(--awb-color2);--awb-flex-wrap:wrap;\" ><div class=\"fusion-builder-row fusion-row fusion-flex-align-items-flex-start fusion-flex-content-wrap\" style=\"width:calc( 100% + 10px ) !important;max-width:calc( 100% + 10px ) !important;margin-left: calc(-10px \/ 2 );margin-right: calc(-10px \/ 2 );\"><div class=\"fusion-layout-column fusion_builder_column fusion-builder-column-1 fusion_builder_column_1_1 1_1 fusion-flex-column\" style=\"--awb-bg-size:cover;--awb-width-large:100%;--awb-margin-top-large:0px;--awb-spacing-right-large:5px;--awb-margin-bottom-large:20px;--awb-spacing-left-large:5px;--awb-width-medium:100%;--awb-order-medium:0;--awb-spacing-right-medium:5px;--awb-spacing-left-medium:5px;--awb-width-small:100%;--awb-order-small:0;--awb-spacing-right-small:5px;--awb-spacing-left-small:5px;\"><div class=\"fusion-column-wrapper fusion-column-has-shadow fusion-flex-justify-content-flex-start fusion-content-layout-column\"><div class=\"fusion-text fusion-text-3\"><h2>Flexibel und wirtschaftlich &#8230;<\/h2>\n<\/div><div class=\"fusion-text fusion-text-4\"><p>Drohnen sind das Arbeitsmittel der Zukunft. Sie er\u00f6ffnen v\u00f6llig neue Einsatzm\u00f6glichkeiten \u2013 schnell, unkompliziert und kosteng\u00fcnstig. <\/p>\n<p><span style=\"color: var(--awb-text-color); font-family: var(--awb-text-font-family); font-size: var(--awb-font-size); font-style: var(--awb-text-font-style); font-weight: var(--awb-text-font-weight); letter-spacing: var(--awb-letter-spacing); text-align: var(--awb-content-alignment); text-transform: var(--awb-text-transform); background-color: var(--awb-bg-color-hover);\">Wir fliegen auch f\u00fcr Inspektionen, Dokumentation und Vermessung aus der Luft, beispielsweise zur Planung von PV-Anlagen.<\/span><\/p>\n<\/div><\/div><\/div><div class=\"fusion-layout-column fusion_builder_column fusion-builder-column-2 fusion_builder_column_1_2 1_2 fusion-flex-column\" style=\"--awb-bg-size:cover;--awb-width-large:50%;--awb-margin-top-large:0px;--awb-spacing-right-large:5px;--awb-margin-bottom-large:20px;--awb-spacing-left-large:5px;--awb-width-medium:50%;--awb-order-medium:0;--awb-spacing-right-medium:5px;--awb-spacing-left-medium:5px;--awb-width-small:100%;--awb-order-small:0;--awb-spacing-right-small:5px;--awb-spacing-left-small:5px;\" data-scroll-devices=\"small-visibility,medium-visibility,large-visibility\"><div class=\"fusion-column-wrapper fusion-column-has-shadow fusion-flex-justify-content-flex-start fusion-content-layout-column\"><div class=\"fusion-image-element \" style=\"--awb-caption-title-font-family:var(--h2_typography-font-family);--awb-caption-title-font-weight:var(--h2_typography-font-weight);--awb-caption-title-font-style:var(--h2_typography-font-style);--awb-caption-title-size:var(--h2_typography-font-size);--awb-caption-title-transform:var(--h2_typography-text-transform);--awb-caption-title-line-height:var(--h2_typography-line-height);--awb-caption-title-letter-spacing:var(--h2_typography-letter-spacing);\"><span class=\" fusion-imageframe imageframe-none imageframe-1 hover-type-none\"><img decoding=\"async\" width=\"1616\" height=\"1017\" alt=\"Drohne, Drohnenfoto, Luftbildfoto, Videografie, Fotografie, Fotoflug, Fotodrohne, 3D Vermessung, Dachvermessung Drohne\" title=\"3D-Dachscan_07\" src=\"https:\/\/axel-fischer-lange.de\/wp-content\/uploads\/2024\/05\/3D-Dachscan_07.jpg\" class=\"img-responsive wp-image-481\" srcset=\"https:\/\/axel-fischer-lange.de\/wp-content\/uploads\/2024\/05\/3D-Dachscan_07-200x126.jpg 200w, https:\/\/axel-fischer-lange.de\/wp-content\/uploads\/2024\/05\/3D-Dachscan_07-400x252.jpg 400w, https:\/\/axel-fischer-lange.de\/wp-content\/uploads\/2024\/05\/3D-Dachscan_07-600x378.jpg 600w, https:\/\/axel-fischer-lange.de\/wp-content\/uploads\/2024\/05\/3D-Dachscan_07-800x503.jpg 800w, https:\/\/axel-fischer-lange.de\/wp-content\/uploads\/2024\/05\/3D-Dachscan_07-1200x755.jpg 1200w, https:\/\/axel-fischer-lange.de\/wp-content\/uploads\/2024\/05\/3D-Dachscan_07.jpg 1616w\" sizes=\"(max-width: 300px) 100vw, 600px\" \/><\/span><\/div><\/div><\/div><div class=\"fusion-layout-column fusion_builder_column fusion-builder-column-3 fusion_builder_column_1_2 1_2 fusion-flex-column\" style=\"--awb-bg-size:cover;--awb-width-large:50%;--awb-margin-top-large:0px;--awb-spacing-right-large:5px;--awb-margin-bottom-large:20px;--awb-spacing-left-large:5px;--awb-width-medium:50%;--awb-order-medium:0;--awb-spacing-right-medium:5px;--awb-spacing-left-medium:5px;--awb-width-small:100%;--awb-order-small:0;--awb-spacing-right-small:5px;--awb-spacing-left-small:5px;\" data-scroll-devices=\"small-visibility,medium-visibility,large-visibility\"><div class=\"fusion-column-wrapper fusion-column-has-shadow fusion-flex-justify-content-flex-start fusion-content-layout-column\"><div class=\"fusion-image-element \" style=\"--awb-caption-title-font-family:var(--h2_typography-font-family);--awb-caption-title-font-weight:var(--h2_typography-font-weight);--awb-caption-title-font-style:var(--h2_typography-font-style);--awb-caption-title-size:var(--h2_typography-font-size);--awb-caption-title-transform:var(--h2_typography-text-transform);--awb-caption-title-line-height:var(--h2_typography-line-height);--awb-caption-title-letter-spacing:var(--h2_typography-letter-spacing);\"><span class=\" fusion-imageframe imageframe-none imageframe-2 hover-type-none\"><img decoding=\"async\" width=\"1626\" height=\"1024\" alt=\"Drohne, Drohnenfoto, Luftbildfoto, Videografie, Fotografie, Fotoflug, Fotodrohne, 3D Vermessung, Dachvermessung Drohne\" title=\"3D-Dachscan_01\" src=\"https:\/\/axel-fischer-lange.de\/wp-content\/uploads\/2024\/05\/3D-Dachscan_01.jpg\" class=\"img-responsive wp-image-478\" srcset=\"https:\/\/axel-fischer-lange.de\/wp-content\/uploads\/2024\/05\/3D-Dachscan_01-200x126.jpg 200w, https:\/\/axel-fischer-lange.de\/wp-content\/uploads\/2024\/05\/3D-Dachscan_01-400x252.jpg 400w, https:\/\/axel-fischer-lange.de\/wp-content\/uploads\/2024\/05\/3D-Dachscan_01-600x378.jpg 600w, https:\/\/axel-fischer-lange.de\/wp-content\/uploads\/2024\/05\/3D-Dachscan_01-800x504.jpg 800w, https:\/\/axel-fischer-lange.de\/wp-content\/uploads\/2024\/05\/3D-Dachscan_01-1200x756.jpg 1200w, https:\/\/axel-fischer-lange.de\/wp-content\/uploads\/2024\/05\/3D-Dachscan_01.jpg 1626w\" sizes=\"(max-width: 300px) 100vw, 600px\" \/><\/span><\/div><\/div><\/div><\/div><\/div><\/p>\n","protected":false},"excerpt":{"rendered":"","protected":false},"author":1,"featured_media":0,"parent":0,"menu_order":0,"comment_status":"closed","ping_status":"closed","template":"100-width.php","meta":{"footnotes":""},"class_list":["post-559","page","type-page","status-publish","hentry"],"_links":{"self":[{"href":"https:\/\/axel-fischer-lange.de\/index.php?rest_route=\/wp\/v2\/pages\/559","targetHints":{"allow":["GET"]}}],"collection":[{"href":"https:\/\/axel-fischer-lange.de\/index.php?rest_route=\/wp\/v2\/pages"}],"about":[{"href":"https:\/\/axel-fischer-lange.de\/index.php?rest_route=\/wp\/v2\/types\/page"}],"author":[{"embeddable":true,"href":"https:\/\/axel-fischer-lange.de\/index.php?rest_route=\/wp\/v2\/users\/1"}],"replies":[{"embeddable":true,"href":"https:\/\/axel-fischer-lange.de\/index.php?rest_route=%2Fwp%2Fv2%2Fcomments&post=559"}],"version-history":[{"count":10,"href":"https:\/\/axel-fischer-lange.de\/index.php?rest_route=\/wp\/v2\/pages\/559\/revisions"}],"predecessor-version":[{"id":573,"href":"https:\/\/axel-fischer-lange.de\/index.php?rest_route=\/wp\/v2\/pages\/559\/revisions\/573"}],"wp:attachment":[{"href":"https:\/\/axel-fischer-lange.de\/index.php?rest_route=%2Fwp%2Fv2%2Fmedia&parent=559"}],"curies":[{"name":"wp","href":"https:\/\/api.w.org\/{rel}","templated":true}]}}